{"id":5848,"date":"2023-01-17T12:15:21","date_gmt":"2023-01-17T11:15:21","guid":{"rendered":"https:\/\/lubeteam.it\/prodotto\/cmm-2-2-mobile-oil-plant-transformer-oil-treatment\/"},"modified":"2025-11-14T11:54:27","modified_gmt":"2025-11-14T10:54:27","slug":"cmm-2-2-mobile-oil-plant-transformer-oil-treatment","status":"publish","type":"product","link":"https:\/\/lubeteam.it\/en\/product\/cmm-2-2-mobile-oil-plant-transformer-oil-treatment\/","title":{"rendered":"CMM-2.2 Mobile oil plant &#8211; Transformer oil treatment"},"content":{"rendered":"<h3>GlobeCore&#8217;s new mobile unit.<\/h3>\n<p>The CMM-2.2 mobile oil plant is designed to remove solid particles, water and gases from insulating oil. The unit can be operated from any facility, is easily transportable and operates quietly. The said machine is used during the installation, repair and operation of oil-filled high-voltage equipment (transformers, high-voltage switches, etc.).<\/p>\n<p>The advantages of using this machine are:<\/p>\n<ul>\n<li>no need for sorbents, silica gel or zeolite for the oil drying process;<\/li>\n<li>the equipment is compact, protected by metal doors, can be installed on a trailer for use in place of operating a transformer;<\/li>\n<li>ease of operation and maintenance;<\/li>\n<li>low power consumption, quiet operation and high efficiency.<\/li>\n<\/ul>\n<p>Operating condition range:<\/p>\n<ul>\n<li>+5 to + 35\u00b0 C ambient temperature ( 278 to 313\u00b0 \u041a\/ 8\u00b0 F to 104\u00b0 F);<\/li>\n<li>atmospheric pressure from 84 to 106.7 kPa (630 to 800 mm.hg);<\/li>\n<li>elevation up to 2000 meters \/ 6561 feet above sea level;<\/li>\n<li>outdoors and under canopy;<\/li>\n<li>indoors with adequate ventilation.<\/li>\n<\/ul>\n","protected":false},"excerpt":{"rendered":"<p>La CMM-2.2 mobile oil plant \u00e8 stata progettata per rimuovere particelle solide, acqua e gas dall&#8217;olio isolante. L&#8217;unit\u00e0 pu\u00f2 essere gestita da qualsiasi struttura, \u00e8 facilmente trasportabile e funziona silenziosamente.<\/p>\n<p>La suddetta macchina viene utilizzata durante l&#8217;installazione, la riparazione e il funzionamento di apparecchiature ad alta tensione riempite di olio (trasformatori, interruttori ad alta tensione, ecc.).<\/p>\n","protected":false},"featured_media":3492,"template":"","meta":[],"product_brand":[],"product_cat":[215],"product_tag":[321],"class_list":{"0":"post-5848","1":"product","2":"type-product","3":"status-publish","4":"has-post-thumbnail","6":"product_cat-globecore-industrial-filtration-solutions","7":"product_tag-globecore","9":"first","10":"instock","11":"shipping-taxable","12":"product-type-simple"},"yoast_head":"<!-- This site is optimized with the Yoast SEO Premium plugin v21.5 (Yoast SEO v26.3) - https:\/\/yoast.com\/wordpress\/plugins\/seo\/ -->\n<title>CMM-2.2 Mobile oil plant - Transformer oil treatment - LTH - LubeTeam Hydraulic<\/title>\n<meta name=\"description\" content=\"The CMM-2.2 mobile oil plant is designed to treat transformer oil by removing solid particles, water and gas from the oil.\" \/>\n<meta name=\"robots\" content=\"index, follow, max-snippet:-1, max-image-preview:large, max-video-preview:-1\" \/>\n<link rel=\"canonical\" href=\"https:\/\/lubeteam.it\/en\/product\/cmm-2-2-mobile-oil-plant-transformer-oil-treatment\/\" \/>\n<meta property=\"og:locale\" content=\"en_US\" \/>\n<meta property=\"og:type\" content=\"article\" \/>\n<meta property=\"og:title\" content=\"CMM-2.2 Mobile oil plant - Transformer oil treatment\" \/>\n<meta property=\"og:description\" content=\"The CMM-2.2 mobile oil plant is designed to treat transformer oil by removing solid particles, water and gas from the oil.\" \/>\n<meta property=\"og:url\" content=\"https:\/\/lubeteam.it\/en\/product\/cmm-2-2-mobile-oil-plant-transformer-oil-treatment\/\" \/>\n<meta property=\"og:site_name\" content=\"LubeTeam Hydraulic\" \/>\n<meta property=\"article:publisher\" content=\"https:\/\/www.facebook.com\/lubeteam\" \/>\n<meta property=\"article:modified_time\" content=\"2025-11-14T10:54:27+00:00\" \/>\n<meta property=\"og:image\" content=\"https:\/\/lubeteam.it\/wp-content\/uploads\/2023\/01\/CMM-2.2-Mobile-oil-plant-trattamento-olio-per-trasformatori.jpg\" \/>\n\t<meta property=\"og:image:width\" content=\"350\" \/>\n\t<meta property=\"og:image:height\" content=\"350\" \/>\n\t<meta property=\"og:image:type\" content=\"image\/jpeg\" \/>\n<meta name=\"twitter:card\" content=\"summary_large_image\" \/>\n<meta name=\"twitter:label1\" content=\"Est. reading time\" \/>\n\t<meta name=\"twitter:data1\" content=\"1 minute\" \/>\n<script type=\"application\/ld+json\" class=\"yoast-schema-graph\">{\"@context\":\"https:\/\/schema.org\",\"@graph\":[{\"@type\":\"WebPage\",\"@id\":\"https:\/\/lubeteam.it\/en\/product\/cmm-2-2-mobile-oil-plant-transformer-oil-treatment\/\",\"url\":\"https:\/\/lubeteam.it\/en\/product\/cmm-2-2-mobile-oil-plant-transformer-oil-treatment\/\",\"name\":\"CMM-2.2 Mobile oil plant - Transformer oil treatment - LTH - LubeTeam Hydraulic\",\"isPartOf\":{\"@id\":\"https:\/\/lubeteam.it\/#website\"},\"primaryImageOfPage\":{\"@id\":\"https:\/\/lubeteam.it\/en\/product\/cmm-2-2-mobile-oil-plant-transformer-oil-treatment\/#primaryimage\"},\"image\":{\"@id\":\"https:\/\/lubeteam.it\/en\/product\/cmm-2-2-mobile-oil-plant-transformer-oil-treatment\/#primaryimage\"},\"thumbnailUrl\":\"https:\/\/lubeteam.it\/wp-content\/uploads\/2023\/01\/CMM-2.2-Mobile-oil-plant-trattamento-olio-per-trasformatori.jpg\",\"datePublished\":\"2023-01-17T11:15:21+00:00\",\"dateModified\":\"2025-11-14T10:54:27+00:00\",\"description\":\"The CMM-2.2 mobile oil plant is designed to treat transformer oil by removing solid particles, water and gas from the oil.\",\"breadcrumb\":{\"@id\":\"https:\/\/lubeteam.it\/en\/product\/cmm-2-2-mobile-oil-plant-transformer-oil-treatment\/#breadcrumb\"},\"inLanguage\":\"en-US\",\"potentialAction\":[{\"@type\":\"ReadAction\",\"target\":[\"https:\/\/lubeteam.it\/en\/product\/cmm-2-2-mobile-oil-plant-transformer-oil-treatment\/\"]}]},{\"@type\":\"ImageObject\",\"inLanguage\":\"en-US\",\"@id\":\"https:\/\/lubeteam.it\/en\/product\/cmm-2-2-mobile-oil-plant-transformer-oil-treatment\/#primaryimage\",\"url\":\"https:\/\/lubeteam.it\/wp-content\/uploads\/2023\/01\/CMM-2.2-Mobile-oil-plant-trattamento-olio-per-trasformatori.jpg\",\"contentUrl\":\"https:\/\/lubeteam.it\/wp-content\/uploads\/2023\/01\/CMM-2.2-Mobile-oil-plant-trattamento-olio-per-trasformatori.jpg\",\"width\":350,\"height\":350},{\"@type\":\"BreadcrumbList\",\"@id\":\"https:\/\/lubeteam.it\/en\/product\/cmm-2-2-mobile-oil-plant-transformer-oil-treatment\/#breadcrumb\",\"itemListElement\":[{\"@type\":\"ListItem\",\"position\":1,\"name\":\"Home\",\"item\":\"https:\/\/lubeteam.it\/en\/\"},{\"@type\":\"ListItem\",\"position\":2,\"name\":\"Product\",\"item\":\"https:\/\/lubeteam.it\/en\/products\/\"},{\"@type\":\"ListItem\",\"position\":3,\"name\":\"CMM-2.2 Mobile oil plant &#8211; Transformer oil treatment\"}]},{\"@type\":\"WebSite\",\"@id\":\"https:\/\/lubeteam.it\/#website\",\"url\":\"https:\/\/lubeteam.it\/\",\"name\":\"LubeTeam Hydraulic\",\"description\":\"HYDRAULIC COMPONENTS &amp; FLUID CONTAMINATION CONTROL\",\"publisher\":{\"@id\":\"https:\/\/lubeteam.it\/#organization\"},\"potentialAction\":[{\"@type\":\"SearchAction\",\"target\":{\"@type\":\"EntryPoint\",\"urlTemplate\":\"https:\/\/lubeteam.it\/?s={search_term_string}\"},\"query-input\":{\"@type\":\"PropertyValueSpecification\",\"valueRequired\":true,\"valueName\":\"search_term_string\"}}],\"inLanguage\":\"en-US\"},{\"@type\":\"Organization\",\"@id\":\"https:\/\/lubeteam.it\/#organization\",\"name\":\"LubeTeam Hydraulic\",\"url\":\"https:\/\/lubeteam.it\/\",\"logo\":{\"@type\":\"ImageObject\",\"inLanguage\":\"en-US\",\"@id\":\"https:\/\/lubeteam.it\/#\/schema\/logo\/image\/\",\"url\":\"https:\/\/lubeteam.it\/wp-content\/uploads\/2022\/12\/logo.webp\",\"contentUrl\":\"https:\/\/lubeteam.it\/wp-content\/uploads\/2022\/12\/logo.webp\",\"width\":344,\"height\":85,\"caption\":\"LubeTeam Hydraulic\"},\"image\":{\"@id\":\"https:\/\/lubeteam.it\/#\/schema\/logo\/image\/\"},\"sameAs\":[\"https:\/\/www.facebook.com\/lubeteam\"]}]}<\/script>\n<!-- \/ Yoast SEO Premium plugin. -->","yoast_head_json":{"title":"CMM-2.2 Mobile oil plant - Transformer oil treatment - LTH - LubeTeam Hydraulic","description":"The CMM-2.2 mobile oil plant is designed to treat transformer oil by removing solid particles, water and gas from the oil.","robots":{"index":"index","follow":"follow","max-snippet":"max-snippet:-1","max-image-preview":"max-image-preview:large","max-video-preview":"max-video-preview:-1"},"canonical":"https:\/\/lubeteam.it\/en\/product\/cmm-2-2-mobile-oil-plant-transformer-oil-treatment\/","og_locale":"en_US","og_type":"article","og_title":"CMM-2.2 Mobile oil plant - Transformer oil treatment","og_description":"The CMM-2.2 mobile oil plant is designed to treat transformer oil by removing solid particles, water and gas from the oil.","og_url":"https:\/\/lubeteam.it\/en\/product\/cmm-2-2-mobile-oil-plant-transformer-oil-treatment\/","og_site_name":"LubeTeam Hydraulic","article_publisher":"https:\/\/www.facebook.com\/lubeteam","article_modified_time":"2025-11-14T10:54:27+00:00","og_image":[{"width":350,"height":350,"url":"https:\/\/lubeteam.it\/wp-content\/uploads\/2023\/01\/CMM-2.2-Mobile-oil-plant-trattamento-olio-per-trasformatori.jpg","type":"image\/jpeg"}],"twitter_card":"summary_large_image","twitter_misc":{"Est. reading time":"1 minute"},"schema":{"@context":"https:\/\/schema.org","@graph":[{"@type":"WebPage","@id":"https:\/\/lubeteam.it\/en\/product\/cmm-2-2-mobile-oil-plant-transformer-oil-treatment\/","url":"https:\/\/lubeteam.it\/en\/product\/cmm-2-2-mobile-oil-plant-transformer-oil-treatment\/","name":"CMM-2.2 Mobile oil plant - Transformer oil treatment - LTH - LubeTeam Hydraulic","isPartOf":{"@id":"https:\/\/lubeteam.it\/#website"},"primaryImageOfPage":{"@id":"https:\/\/lubeteam.it\/en\/product\/cmm-2-2-mobile-oil-plant-transformer-oil-treatment\/#primaryimage"},"image":{"@id":"https:\/\/lubeteam.it\/en\/product\/cmm-2-2-mobile-oil-plant-transformer-oil-treatment\/#primaryimage"},"thumbnailUrl":"https:\/\/lubeteam.it\/wp-content\/uploads\/2023\/01\/CMM-2.2-Mobile-oil-plant-trattamento-olio-per-trasformatori.jpg","datePublished":"2023-01-17T11:15:21+00:00","dateModified":"2025-11-14T10:54:27+00:00","description":"The CMM-2.2 mobile oil plant is designed to treat transformer oil by removing solid particles, water and gas from the oil.","breadcrumb":{"@id":"https:\/\/lubeteam.it\/en\/product\/cmm-2-2-mobile-oil-plant-transformer-oil-treatment\/#breadcrumb"},"inLanguage":"en-US","potentialAction":[{"@type":"ReadAction","target":["https:\/\/lubeteam.it\/en\/product\/cmm-2-2-mobile-oil-plant-transformer-oil-treatment\/"]}]},{"@type":"ImageObject","inLanguage":"en-US","@id":"https:\/\/lubeteam.it\/en\/product\/cmm-2-2-mobile-oil-plant-transformer-oil-treatment\/#primaryimage","url":"https:\/\/lubeteam.it\/wp-content\/uploads\/2023\/01\/CMM-2.2-Mobile-oil-plant-trattamento-olio-per-trasformatori.jpg","contentUrl":"https:\/\/lubeteam.it\/wp-content\/uploads\/2023\/01\/CMM-2.2-Mobile-oil-plant-trattamento-olio-per-trasformatori.jpg","width":350,"height":350},{"@type":"BreadcrumbList","@id":"https:\/\/lubeteam.it\/en\/product\/cmm-2-2-mobile-oil-plant-transformer-oil-treatment\/#breadcrumb","itemListElement":[{"@type":"ListItem","position":1,"name":"Home","item":"https:\/\/lubeteam.it\/en\/"},{"@type":"ListItem","position":2,"name":"Product","item":"https:\/\/lubeteam.it\/en\/products\/"},{"@type":"ListItem","position":3,"name":"CMM-2.2 Mobile oil plant &#8211; Transformer oil treatment"}]},{"@type":"WebSite","@id":"https:\/\/lubeteam.it\/#website","url":"https:\/\/lubeteam.it\/","name":"LubeTeam Hydraulic","description":"HYDRAULIC COMPONENTS &amp; FLUID CONTAMINATION CONTROL","publisher":{"@id":"https:\/\/lubeteam.it\/#organization"},"potentialAction":[{"@type":"SearchAction","target":{"@type":"EntryPoint","urlTemplate":"https:\/\/lubeteam.it\/?s={search_term_string}"},"query-input":{"@type":"PropertyValueSpecification","valueRequired":true,"valueName":"search_term_string"}}],"inLanguage":"en-US"},{"@type":"Organization","@id":"https:\/\/lubeteam.it\/#organization","name":"LubeTeam Hydraulic","url":"https:\/\/lubeteam.it\/","logo":{"@type":"ImageObject","inLanguage":"en-US","@id":"https:\/\/lubeteam.it\/#\/schema\/logo\/image\/","url":"https:\/\/lubeteam.it\/wp-content\/uploads\/2022\/12\/logo.webp","contentUrl":"https:\/\/lubeteam.it\/wp-content\/uploads\/2022\/12\/logo.webp","width":344,"height":85,"caption":"LubeTeam Hydraulic"},"image":{"@id":"https:\/\/lubeteam.it\/#\/schema\/logo\/image\/"},"sameAs":["https:\/\/www.facebook.com\/lubeteam"]}]}},"df_price":"","df_sale_price":"","df_regular_price":"","df_image_link":"https:\/\/lubeteam.it\/wp-content\/uploads\/2023\/01\/CMM-2.2-Mobile-oil-plant-trattamento-olio-per-trasformatori-300x300.jpg","_links":{"self":[{"href":"https:\/\/lubeteam.it\/en\/wp-json\/wp\/v2\/product\/5848","targetHints":{"allow":["GET"]}}],"collection":[{"href":"https:\/\/lubeteam.it\/en\/wp-json\/wp\/v2\/product"}],"about":[{"href":"https:\/\/lubeteam.it\/en\/wp-json\/wp\/v2\/types\/product"}],"wp:featuredmedia":[{"embeddable":true,"href":"https:\/\/lubeteam.it\/en\/wp-json\/wp\/v2\/media\/3492"}],"wp:attachment":[{"href":"https:\/\/lubeteam.it\/en\/wp-json\/wp\/v2\/media?parent=5848"}],"wp:term":[{"taxonomy":"product_brand","embeddable":true,"href":"https:\/\/lubeteam.it\/en\/wp-json\/wp\/v2\/product_brand?post=5848"},{"taxonomy":"product_cat","embeddable":true,"href":"https:\/\/lubeteam.it\/en\/wp-json\/wp\/v2\/product_cat?post=5848"},{"taxonomy":"product_tag","embeddable":true,"href":"https:\/\/lubeteam.it\/en\/wp-json\/wp\/v2\/product_tag?post=5848"}],"curies":[{"name":"wp","href":"https:\/\/api.w.org\/{rel}","templated":true}]}}