{"id":5904,"date":"2023-07-25T11:11:11","date_gmt":"2023-07-25T09:11:11","guid":{"rendered":"https:\/\/lubeteam.it\/?post_type=product&#038;p=5904"},"modified":"2025-11-14T11:54:18","modified_gmt":"2025-11-14T10:54:18","slug":"hlp050-oil-purifier","status":"publish","type":"product","link":"https:\/\/lubeteam.it\/en\/product\/hlp050-oil-purifier\/","title":{"rendered":"HLP050 Oil Purifier"},"content":{"rendered":"<h3>HLP050 Oil Purifier<\/h3>\n<p>Leveraging more than 30 years of design and field experience, Pall delivers the third in its family of\u00a0HLP series fluid conditioning purifiers: <strong>the HLP50 Oil Purifier<\/strong>.<\/p>\n<p>The HLP series combines the water removal performance of mass transfer purifiers with high reliability and ease-of-use to help ensure maximum equipment uptime and lowest cost of ownership. This enables you to focus on your process, not on your equipment.<\/p>\n<p>The Pall HLP series purifiers feature an innovative new vacuum tower design that maximizes water removal efficiency.<\/p>\n<p>&nbsp;<\/p>\n<h4>Maximum Reliability, Lower Cost of Ownership<\/h4>\n<p>HLP series purifiers are designed for maximum uptime and have proven themselves in the field with industry-leading utilization rates even in the most demanding and continuousduty applications.<\/p>\n<p>The HLP50 uses specially selected components to help ensure maximum reliability and lower cost of ownership. These premium components include:<\/p>\n<ul>\n<li>Best-in-class Allen Bradley PLC<\/li>\n<li>Reliable Elmo Rietschle vacuum pump with 12-month service interval<\/li>\n<\/ul>\n<p>Controlling the dissolved as well as the free water in the reservoir is critical in ensuring the absence of free water during operation. With the Pall HLP50 purifier, this is done efficiently, easily, and reliably. The diagram below illustrates the concept.<\/p>\n<p>&nbsp;<\/p>\n<h4>Ease of Use<\/h4>\n<p>The HLP50 series offers the following features to increase versatility in service and lower cost of ownership:<\/p>\n<ul>\n<li>Low maintenance<\/li>\n<li>Able to work with wide range of oil viscosities (3 cSt to 700 cSt)<\/li>\n<li>No utility water required for cooling or pump operation\u2014 the only utility needed is an electrical power source<\/li>\n<\/ul>\n<p>&nbsp;<\/p>\n<h4>Standard Features<\/h4>\n<p>Pall HLP series purifiers come with the following standard features that many suppliers charge extra for:<\/p>\n<ul>\n<li>Dissolved water sensor (Pall model WS10)<\/li>\n<li>Low-watt density heater (30kw output)<\/li>\n<li>Condenser with gravity drain<\/li>\n<\/ul>\n<p>&nbsp;<\/p>\n<h4>Focus on your Process, Not on your Purifier<\/h4>\n<p>HLP Series purifiers require a minimum of user interaction, which allows customers to focus more on their process and less on maintaining and upkeep of their purifier.<\/p>\n<p>The HLP purifier is one of the easiest purifiers to operate. Simply connect the purifier to the reservoir, power up, and press the start button. In fact, many HLP users are able to just \u201cpress the button and walk away.\u201d<\/p>\n<ul>\n<li>Extended vacuum pump oil change interval\u201412 months (8760 hours of run time)<\/li>\n<li>No water utility for cooling or pump operation<\/li>\n<\/ul>\n<p>&nbsp;<\/p>\n<h4>Facilit\u00e0 d&#8217;uso<\/h4>\n<p>La serie HLP50 offre le seguenti caratteristiche per aumentare la versatilit\u00e0 del servizio e ridurre i costi di gestione:<\/p>\n<ul>\n<li>Bassa manutenzione<\/li>\n<li>Capacit\u00e0 di lavorare con un&#8217;ampia gamma di viscosit\u00e0 dell&#8217;olio (da 3 cSt a 700 cSt)<\/li>\n<li>Non \u00e8 necessaria l&#8217;acqua per il raffreddamento o il funzionamento della pompa: l&#8217;unica utility necessaria \u00e8 una fonte di alimentazione elettrica.<\/li>\n<\/ul>\n<h4><\/h4>\n<h4>Caratteristiche standard<\/h4>\n<p>I depuratori Pall della serie HLP sono dotati delle seguenti caratteristiche standard che molti fornitori fanno pagare a parte:<\/p>\n<ul>\n<li>Sensore di acqua disciolta (Pall modello WS10)<\/li>\n<li>Riscaldatore a bassa densit\u00e0 di watt (uscita 30kw)<\/li>\n<li>Condensatore con scarico a gravit\u00e0<\/li>\n<\/ul>\n<h4><\/h4>\n<h4>Il focus \u00e8 sul processo, non sul depuratore<\/h4>\n<p>I depuratori della serie HLP richiedono un&#8217;interazione minima con l&#8217;utente, il che consente ai clienti di concentrarsi maggiormente sul processo e meno sulla manutenzione del depuratore.<\/p>\n<p>Il depuratore HLP \u00e8 uno dei depuratori pi\u00f9 semplici da utilizzare. \u00c8 sufficiente collegare il depuratore al serbatoio, accenderlo e premere il pulsante di avvio. In effetti, molti utenti di HLP sono in grado di &#8220;premere il pulsante e andarsene&#8221;.<\/p>\n<ul>\n<li>Intervallo di sostituzione dell&#8217;olio della pompa del vuoto prolungato a 12 mesi (8760 ore di funzionamento).<\/li>\n<li>Nessuna utilit\u00e0 dell&#8217;acqua per il raffreddamento o il funzionamento della pompa<\/li>\n<\/ul>\n<p>All copyrights are owned by Pall Corporation<\/p>\n","protected":false},"excerpt":{"rendered":"<p>Leveraging more than 30 years of design and field experience, Pall delivers the third in its family of\u00a0HLP series fluid conditioning purifiers: <strong>the HLP50 Oil Purifier<\/strong>.<\/p>\n<p>The HLP series combines the water removal performance of mass transfer purifiers with high reliability and ease-of-use to help ensure maximum equipment uptime and lowest cost of ownership. This enables you to focus on your process, not on your equipment.<\/p>\n<p>The Pall HLP series purifiers feature an innovative new vacuum tower design that maximizes water removal efficiency.<\/p>\n<p><strong>This product is available for rental. <\/strong><a href=\"#contattaci\">Contact us!<\/a><\/p>\n","protected":false},"featured_media":5910,"template":"","meta":[],"product_brand":[],"product_cat":[102,216],"product_tag":[286],"class_list":{"0":"post-5904","1":"product","2":"type-product","3":"status-publish","4":"has-post-thumbnail","6":"product_cat-filtration-centrifugal-separation-and-diagnostics","7":"product_cat-pall-industrial-filtration-solutions","8":"product_tag-pall-corporation","10":"first","11":"instock","12":"shipping-taxable","13":"product-type-simple"},"yoast_head":"<!-- This site is optimized with the Yoast SEO Premium plugin v21.5 (Yoast SEO v26.3) - https:\/\/yoast.com\/wordpress\/plugins\/seo\/ -->\n<title>HLP050 Oil Purifier - LTH - LubeTeam Hydraulic<\/title>\n<meta name=\"description\" content=\"Pall HLP series purifiers feature an innovative suction tower design that maximizes water removal efficiency. More information in the catalog.\" \/>\n<meta name=\"robots\" content=\"index, follow, max-snippet:-1, max-image-preview:large, max-video-preview:-1\" \/>\n<link rel=\"canonical\" href=\"https:\/\/lubeteam.it\/en\/product\/hlp050-oil-purifier\/\" \/>\n<meta property=\"og:locale\" content=\"en_US\" \/>\n<meta property=\"og:type\" content=\"article\" \/>\n<meta property=\"og:title\" content=\"HLP050 Oil Purifier\" \/>\n<meta property=\"og:description\" content=\"Pall HLP series purifiers feature an innovative suction tower design that maximizes water removal efficiency. More information in the catalog.\" \/>\n<meta property=\"og:url\" content=\"https:\/\/lubeteam.it\/en\/product\/hlp050-oil-purifier\/\" \/>\n<meta property=\"og:site_name\" content=\"LubeTeam Hydraulic\" \/>\n<meta property=\"article:publisher\" content=\"https:\/\/www.facebook.com\/lubeteam\" \/>\n<meta property=\"article:modified_time\" content=\"2025-11-14T10:54:18+00:00\" \/>\n<meta property=\"og:image\" content=\"https:\/\/lubeteam.it\/wp-content\/uploads\/2023\/07\/HLP50-Oil-Purifier.png\" \/>\n\t<meta property=\"og:image:width\" content=\"350\" \/>\n\t<meta property=\"og:image:height\" content=\"350\" \/>\n\t<meta property=\"og:image:type\" content=\"image\/png\" \/>\n<meta name=\"twitter:card\" content=\"summary_large_image\" \/>\n<meta name=\"twitter:label1\" content=\"Est. reading time\" \/>\n\t<meta name=\"twitter:data1\" content=\"4 minutes\" \/>\n<script type=\"application\/ld+json\" class=\"yoast-schema-graph\">{\"@context\":\"https:\/\/schema.org\",\"@graph\":[{\"@type\":\"WebPage\",\"@id\":\"https:\/\/lubeteam.it\/en\/product\/hlp050-oil-purifier\/\",\"url\":\"https:\/\/lubeteam.it\/en\/product\/hlp050-oil-purifier\/\",\"name\":\"HLP050 Oil Purifier - LTH - LubeTeam Hydraulic\",\"isPartOf\":{\"@id\":\"https:\/\/lubeteam.it\/#website\"},\"primaryImageOfPage\":{\"@id\":\"https:\/\/lubeteam.it\/en\/product\/hlp050-oil-purifier\/#primaryimage\"},\"image\":{\"@id\":\"https:\/\/lubeteam.it\/en\/product\/hlp050-oil-purifier\/#primaryimage\"},\"thumbnailUrl\":\"https:\/\/lubeteam.it\/wp-content\/uploads\/2023\/07\/HLP50-Oil-Purifier.png\",\"datePublished\":\"2023-07-25T09:11:11+00:00\",\"dateModified\":\"2025-11-14T10:54:18+00:00\",\"description\":\"Pall HLP series purifiers feature an innovative suction tower design that maximizes water removal efficiency. More information in the catalog.\",\"breadcrumb\":{\"@id\":\"https:\/\/lubeteam.it\/en\/product\/hlp050-oil-purifier\/#breadcrumb\"},\"inLanguage\":\"en-US\",\"potentialAction\":[{\"@type\":\"ReadAction\",\"target\":[\"https:\/\/lubeteam.it\/en\/product\/hlp050-oil-purifier\/\"]}]},{\"@type\":\"ImageObject\",\"inLanguage\":\"en-US\",\"@id\":\"https:\/\/lubeteam.it\/en\/product\/hlp050-oil-purifier\/#primaryimage\",\"url\":\"https:\/\/lubeteam.it\/wp-content\/uploads\/2023\/07\/HLP50-Oil-Purifier.png\",\"contentUrl\":\"https:\/\/lubeteam.it\/wp-content\/uploads\/2023\/07\/HLP50-Oil-Purifier.png\",\"width\":350,\"height\":350,\"caption\":\"HLP50-Oil-Purifier\"},{\"@type\":\"BreadcrumbList\",\"@id\":\"https:\/\/lubeteam.it\/en\/product\/hlp050-oil-purifier\/#breadcrumb\",\"itemListElement\":[{\"@type\":\"ListItem\",\"position\":1,\"name\":\"Home\",\"item\":\"https:\/\/lubeteam.it\/en\/\"},{\"@type\":\"ListItem\",\"position\":2,\"name\":\"Product\",\"item\":\"https:\/\/lubeteam.it\/en\/products\/\"},{\"@type\":\"ListItem\",\"position\":3,\"name\":\"HLP050 Oil Purifier\"}]},{\"@type\":\"WebSite\",\"@id\":\"https:\/\/lubeteam.it\/#website\",\"url\":\"https:\/\/lubeteam.it\/\",\"name\":\"LubeTeam Hydraulic\",\"description\":\"HYDRAULIC COMPONENTS &amp; FLUID CONTAMINATION CONTROL\",\"publisher\":{\"@id\":\"https:\/\/lubeteam.it\/#organization\"},\"potentialAction\":[{\"@type\":\"SearchAction\",\"target\":{\"@type\":\"EntryPoint\",\"urlTemplate\":\"https:\/\/lubeteam.it\/?s={search_term_string}\"},\"query-input\":{\"@type\":\"PropertyValueSpecification\",\"valueRequired\":true,\"valueName\":\"search_term_string\"}}],\"inLanguage\":\"en-US\"},{\"@type\":\"Organization\",\"@id\":\"https:\/\/lubeteam.it\/#organization\",\"name\":\"LubeTeam Hydraulic\",\"url\":\"https:\/\/lubeteam.it\/\",\"logo\":{\"@type\":\"ImageObject\",\"inLanguage\":\"en-US\",\"@id\":\"https:\/\/lubeteam.it\/#\/schema\/logo\/image\/\",\"url\":\"https:\/\/lubeteam.it\/wp-content\/uploads\/2022\/12\/logo.webp\",\"contentUrl\":\"https:\/\/lubeteam.it\/wp-content\/uploads\/2022\/12\/logo.webp\",\"width\":344,\"height\":85,\"caption\":\"LubeTeam Hydraulic\"},\"image\":{\"@id\":\"https:\/\/lubeteam.it\/#\/schema\/logo\/image\/\"},\"sameAs\":[\"https:\/\/www.facebook.com\/lubeteam\"]}]}<\/script>\n<!-- \/ Yoast SEO Premium plugin. -->","yoast_head_json":{"title":"HLP050 Oil Purifier - LTH - LubeTeam Hydraulic","description":"Pall HLP series purifiers feature an innovative suction tower design that maximizes water removal efficiency. More information in the catalog.","robots":{"index":"index","follow":"follow","max-snippet":"max-snippet:-1","max-image-preview":"max-image-preview:large","max-video-preview":"max-video-preview:-1"},"canonical":"https:\/\/lubeteam.it\/en\/product\/hlp050-oil-purifier\/","og_locale":"en_US","og_type":"article","og_title":"HLP050 Oil Purifier","og_description":"Pall HLP series purifiers feature an innovative suction tower design that maximizes water removal efficiency. More information in the catalog.","og_url":"https:\/\/lubeteam.it\/en\/product\/hlp050-oil-purifier\/","og_site_name":"LubeTeam Hydraulic","article_publisher":"https:\/\/www.facebook.com\/lubeteam","article_modified_time":"2025-11-14T10:54:18+00:00","og_image":[{"width":350,"height":350,"url":"https:\/\/lubeteam.it\/wp-content\/uploads\/2023\/07\/HLP50-Oil-Purifier.png","type":"image\/png"}],"twitter_card":"summary_large_image","twitter_misc":{"Est. reading time":"4 minutes"},"schema":{"@context":"https:\/\/schema.org","@graph":[{"@type":"WebPage","@id":"https:\/\/lubeteam.it\/en\/product\/hlp050-oil-purifier\/","url":"https:\/\/lubeteam.it\/en\/product\/hlp050-oil-purifier\/","name":"HLP050 Oil Purifier - LTH - LubeTeam Hydraulic","isPartOf":{"@id":"https:\/\/lubeteam.it\/#website"},"primaryImageOfPage":{"@id":"https:\/\/lubeteam.it\/en\/product\/hlp050-oil-purifier\/#primaryimage"},"image":{"@id":"https:\/\/lubeteam.it\/en\/product\/hlp050-oil-purifier\/#primaryimage"},"thumbnailUrl":"https:\/\/lubeteam.it\/wp-content\/uploads\/2023\/07\/HLP50-Oil-Purifier.png","datePublished":"2023-07-25T09:11:11+00:00","dateModified":"2025-11-14T10:54:18+00:00","description":"Pall HLP series purifiers feature an innovative suction tower design that maximizes water removal efficiency. More information in the catalog.","breadcrumb":{"@id":"https:\/\/lubeteam.it\/en\/product\/hlp050-oil-purifier\/#breadcrumb"},"inLanguage":"en-US","potentialAction":[{"@type":"ReadAction","target":["https:\/\/lubeteam.it\/en\/product\/hlp050-oil-purifier\/"]}]},{"@type":"ImageObject","inLanguage":"en-US","@id":"https:\/\/lubeteam.it\/en\/product\/hlp050-oil-purifier\/#primaryimage","url":"https:\/\/lubeteam.it\/wp-content\/uploads\/2023\/07\/HLP50-Oil-Purifier.png","contentUrl":"https:\/\/lubeteam.it\/wp-content\/uploads\/2023\/07\/HLP50-Oil-Purifier.png","width":350,"height":350,"caption":"HLP50-Oil-Purifier"},{"@type":"BreadcrumbList","@id":"https:\/\/lubeteam.it\/en\/product\/hlp050-oil-purifier\/#breadcrumb","itemListElement":[{"@type":"ListItem","position":1,"name":"Home","item":"https:\/\/lubeteam.it\/en\/"},{"@type":"ListItem","position":2,"name":"Product","item":"https:\/\/lubeteam.it\/en\/products\/"},{"@type":"ListItem","position":3,"name":"HLP050 Oil Purifier"}]},{"@type":"WebSite","@id":"https:\/\/lubeteam.it\/#website","url":"https:\/\/lubeteam.it\/","name":"LubeTeam Hydraulic","description":"HYDRAULIC COMPONENTS &amp; FLUID CONTAMINATION CONTROL","publisher":{"@id":"https:\/\/lubeteam.it\/#organization"},"potentialAction":[{"@type":"SearchAction","target":{"@type":"EntryPoint","urlTemplate":"https:\/\/lubeteam.it\/?s={search_term_string}"},"query-input":{"@type":"PropertyValueSpecification","valueRequired":true,"valueName":"search_term_string"}}],"inLanguage":"en-US"},{"@type":"Organization","@id":"https:\/\/lubeteam.it\/#organization","name":"LubeTeam Hydraulic","url":"https:\/\/lubeteam.it\/","logo":{"@type":"ImageObject","inLanguage":"en-US","@id":"https:\/\/lubeteam.it\/#\/schema\/logo\/image\/","url":"https:\/\/lubeteam.it\/wp-content\/uploads\/2022\/12\/logo.webp","contentUrl":"https:\/\/lubeteam.it\/wp-content\/uploads\/2022\/12\/logo.webp","width":344,"height":85,"caption":"LubeTeam Hydraulic"},"image":{"@id":"https:\/\/lubeteam.it\/#\/schema\/logo\/image\/"},"sameAs":["https:\/\/www.facebook.com\/lubeteam"]}]}},"df_price":"","df_sale_price":"","df_regular_price":"","df_image_link":"https:\/\/lubeteam.it\/wp-content\/uploads\/2023\/07\/HLP50-Oil-Purifier-300x300.png","_links":{"self":[{"href":"https:\/\/lubeteam.it\/en\/wp-json\/wp\/v2\/product\/5904","targetHints":{"allow":["GET"]}}],"collection":[{"href":"https:\/\/lubeteam.it\/en\/wp-json\/wp\/v2\/product"}],"about":[{"href":"https:\/\/lubeteam.it\/en\/wp-json\/wp\/v2\/types\/product"}],"wp:featuredmedia":[{"embeddable":true,"href":"https:\/\/lubeteam.it\/en\/wp-json\/wp\/v2\/media\/5910"}],"wp:attachment":[{"href":"https:\/\/lubeteam.it\/en\/wp-json\/wp\/v2\/media?parent=5904"}],"wp:term":[{"taxonomy":"product_brand","embeddable":true,"href":"https:\/\/lubeteam.it\/en\/wp-json\/wp\/v2\/product_brand?post=5904"},{"taxonomy":"product_cat","embeddable":true,"href":"https:\/\/lubeteam.it\/en\/wp-json\/wp\/v2\/product_cat?post=5904"},{"taxonomy":"product_tag","embeddable":true,"href":"https:\/\/lubeteam.it\/en\/wp-json\/wp\/v2\/product_tag?post=5904"}],"curies":[{"name":"wp","href":"https:\/\/api.w.org\/{rel}","templated":true}]}}